{"id":954,"date":"2025-10-31T13:35:33","date_gmt":"2025-10-31T13:35:33","guid":{"rendered":"https:\/\/agas-suchthilfe.de\/buchung\/"},"modified":"2026-04-27T07:47:26","modified_gmt":"2026-04-27T07:47:26","slug":"buchung","status":"publish","type":"page","link":"https:\/\/agas-suchthilfe.de\/?page_id=954","title":{"rendered":"Anmeldung"},"content":{"rendered":"\n<div class=\"wp-block-group alignfull has-background-background-color has-background has-global-padding is-layout-constrained wp-container-core-group-is-layout-7276a2bb wp-block-group-is-layout-constrained\" style=\"margin-top:0;margin-bottom:0;padding-top:var(--wp--preset--spacing--60);padding-right:var(--wp--preset--spacing--30);padding-bottom:var(--wp--preset--spacing--60);padding-left:var(--wp--preset--spacing--30)\">\n<div class=\"wp-block-columns alignwide are-vertically-aligned-center is-layout-flex wp-container-core-columns-is-layout-47c06fe3 wp-block-columns-is-layout-flex\">\n<div class=\"wp-block-column is-vertically-aligned-center is-layout-flow wp-container-core-column-is-layout-f5bb311e wp-block-column-is-layout-flow\" style=\"flex-basis:50%\">\n<figure class=\"wp-block-image size-full has-custom-border\"><img loading=\"lazy\" decoding=\"async\" width=\"428\" height=\"571\" src=\"https:\/\/agas-suchthilfe.de\/wp-content\/uploads\/2025\/10\/Sellin-Seeadler.jpg\" alt=\"Sellin\" class=\"wp-image-144\" style=\"border-radius:1rem;aspect-ratio:1;object-fit:cover\" srcset=\"https:\/\/agas-suchthilfe.de\/wp-content\/uploads\/2025\/10\/Sellin-Seeadler.jpg 428w, https:\/\/agas-suchthilfe.de\/wp-content\/uploads\/2025\/10\/Sellin-Seeadler-225x300.jpg 225w\" sizes=\"auto, (max-width: 428px) 100vw, 428px\" \/><\/figure>\n<\/div>\n\n\n\n<div class=\"wp-block-column is-vertically-aligned-center is-layout-flow wp-block-column-is-layout-flow\" style=\"flex-basis:60%\">\n<h2 class=\"wp-block-heading has-large-font-size\">Anmeldung f\u00fcr die Besinnungswoche gegen Suchtgefahren<\/h2>\n\n\n\n<h1 class=\"wp-block-heading has-large-font-size\"><mark style=\"background-color:rgba(0, 0, 0, 0);color:#971515\" class=\"has-inline-color\">vom 02. 11. bis zum 08.11.2026<\/mark><\/h1>\n\n\n\n<p style=\"margin-top:16px\">Nehmen Sie an einer besinnlichen Woche teil, die sich der St\u00e4rkung gegen Sucht widmet. Erleben Sie tiefgehende Vortr\u00e4ge, Gemeinschaft und geistliche Impulse, die neue Kraft und Hoffnung schenken.<\/p>\n\n\n\n<p><strong>Anschrift in Sellin:<\/strong><\/p>\n\n\n\n<p><strong><em><mark style=\"background-color:rgba(0, 0, 0, 0);color:#971515\" class=\"has-inline-color\">Haus Seeadler, 18586 Ostseebad Sellin, Granitzer Str. 14\/16<\/mark><\/em><\/strong><\/p>\n\n\n\n<p><strong><em><mark style=\"background-color:rgba(0, 0, 0, 0)\" class=\"has-inline-color has-foreground-color\">Telefon: 038303 18-0       Mail: info@haus-seeadler-ruegen.de<\/mark><\/em><\/strong><\/p>\n<\/div>\n<\/div>\n<\/div>\n\n\n\n<div class=\"wp-block-group alignfull is-style-ext-preset--group--natural-1--section has-background-background-color has-background has-global-padding is-layout-constrained wp-container-core-group-is-layout-e955bbaf wp-block-group-is-layout-constrained\" style=\"margin-top:0;margin-bottom:0;padding-top:var(--wp--preset--spacing--70);padding-bottom:var(--wp--preset--spacing--70)\">\n<h2 class=\"wp-block-heading has-text-align-center\">Organisatorische Hinweise:<\/h2>\n\n\n\n<div class=\"wp-block-columns alignwide is-layout-flex wp-container-core-columns-is-layout-08c01c1c wp-block-columns-is-layout-flex\">\n<div class=\"wp-block-column is-vertically-aligned-stretch ext-animate--on is-layout-flow wp-container-core-column-is-layout-f5bb311e wp-block-column-is-layout-flow\">\n<div class=\"wp-block-group is-style-ext-preset--group--natural-1--item-card-1--align-center has-global-padding is-layout-constrained wp-block-group-is-layout-constrained is-style-ext-preset--group--natural-1--item-card-1--align-center--2\">\n<div class=\"wp-block-group is-style-default has-global-padding is-layout-constrained wp-block-group-is-layout-constrained\">\n<p class=\"has-text-align-center\">Die Zimmer stehen am <strong>Anreisetag ab 15.00 Uhr<\/strong> zur Verf\u00fcgung.<\/p>\n\n\n\n<p class=\"has-text-align-center ext-animate--on\" style=\"margin-top:1.5rem\">Die Anreise erfolgt in der Regel <strong>bis 18 Uh<\/strong>r. <\/p>\n\n\n\n<p class=\"has-text-align-center ext-animate--on\" style=\"margin-top:1.5rem\">Bei sp\u00e4terer Anreise ist der Gastgeber zu benachrichtigen, um die Anmeldung zu gew\u00e4hrleisten. Am Abreisetag k\u00f6nnen die Zimmer, Aufenthaltsr\u00e4ume und ggf. Selbstversorgerk\u00fcchen bis 09.30 Uhr (Bedarf einer Absprache) genutzt werden.<\/p>\n\n\n\n<p class=\"has-text-align-center\">Personenbezogene Daten \u2013 f\u00fcr alle Teilnehmer \u2013 werden von uns f\u00fcr die mit dem Vertrag entstandene Gesch\u00e4ftsbeziehung erfasst, gespeichert und gesichert. Dar\u00fcber hinaus unterliegen wir verschiedenen Aufbewahrungs- und Dokumentationspflichten, die sich unter anderem aus dem Datenschutzhinweis ergeben.<\/p>\n<\/div>\n<\/div>\n<\/div>\n\n\n\n<div class=\"wp-block-column is-vertically-aligned-stretch ext-animate--on is-layout-flow wp-container-core-column-is-layout-f5bb311e wp-block-column-is-layout-flow\">\n<div class=\"wp-block-group is-style-ext-preset--group--natural-1--item-card-1--align-center has-global-padding is-layout-constrained wp-block-group-is-layout-constrained is-style-ext-preset--group--natural-1--item-card-1--align-center--3\">\n<div class=\"wp-block-group is-style-default has-global-padding is-layout-constrained wp-block-group-is-layout-constrained\">\n<p class=\"has-text-align-center\"><mark style=\"background-color:rgba(0, 0, 0, 0);color:#971515\" class=\"has-inline-color\"><strong>Bitte die schriftlichen Anmeldungen bis sp\u00e4testens 15.10.2026 <\/strong><\/mark><\/p>\n\n\n\n<p class=\"has-text-align-center\"><mark style=\"background-color:rgba(0, 0, 0, 0);color:#971515\" class=\"has-inline-color\"><strong>bei den zust\u00e4ndigen Mitarbeitern abgeben oder an folgende Adresse senden:<\/strong><\/mark><\/p>\n\n\n\n<p><\/p>\n\n\n\n<p class=\"has-text-align-center\"><strong>Wolf-Dieter Haase, 18437 Stralsund, H.-Graf von Moltke Str. 9<\/strong><\/p>\n\n\n\n<p class=\"has-text-align-center\"> Mobil: 0157 86 50 61 64<\/p>\n\n\n\n<p class=\"has-text-align-center\">Oder per Mail an: <a href=\"mailto:info@agas-suchthilfe.de\"><strong>info@agas-suchthilfe.de<\/strong><\/a><\/p>\n\n\n\n<div class=\"wp-block-buttons is-content-justification-center is-layout-flex wp-container-core-buttons-is-layout-a89b3969 wp-block-buttons-is-layout-flex\">\n<div class=\"wp-block-button is-style-ext-preset--button--natural-1--button-1 is-style-ext-preset--button--natural-1--button-1--4\"><a class=\"wp-block-button__link wp-element-button\" href=\"https:\/\/agas-suchthilfe.de\/wp-content\/uploads\/2026\/04\/Anmeldungsformular-Sellin-2026-1.pdf\">Formular zum Ausdrucken &gt;&gt;&gt;<\/a><\/div>\n<\/div>\n<\/div>\n<\/div>\n<\/div>\n<\/div>\n<\/div>\n\n\n\n<div class=\"wp-block-group alignfull is-style-ext-preset--group--natural-1--section has-background-background-color has-background has-global-padding is-layout-constrained wp-container-core-group-is-layout-e955bbaf wp-block-group-is-layout-constrained\" style=\"margin-top:0;margin-bottom:0;padding-top:var(--wp--preset--spacing--70);padding-bottom:var(--wp--preset--spacing--70)\">\n<h2 class=\"wp-block-heading alignwide has-text-align-center ext-animate--on\">Mit diesen Preisen m\u00fcssen Sie rechnen<\/h2>\n\n\n\n<p class=\"has-text-align-center ext-animate--on\" style=\"margin-top:1.5rem\">Preisliste f\u00fcr 2026<\/p>\n\n\n\n<div class=\"wp-block-columns alignwide is-layout-flex wp-container-core-columns-is-layout-08c01c1c wp-block-columns-is-layout-flex\">\n<div class=\"wp-block-column is-vertically-aligned-stretch ext-animate--on is-layout-flow wp-container-core-column-is-layout-119bc444 wp-block-column-is-layout-flow\">\n<div class=\"wp-block-group is-style-ext-preset--group--natural-1--item-card-1--align-start has-global-padding is-layout-constrained wp-block-group-is-layout-constrained is-style-ext-preset--group--natural-1--item-card-1--align-start--6\">\n<div class=\"wp-block-group is-style-default has-global-padding is-layout-constrained wp-block-group-is-layout-constrained\">\n<div class=\"wp-block-group is-nowrap is-layout-flex wp-container-core-group-is-layout-36a58d9d wp-block-group-is-layout-flex\" style=\"padding-top:0;padding-right:0;padding-bottom:0;padding-left:0\">\n<div class=\"wp-block-group wp-container-content-958eb9dc has-global-padding is-layout-constrained wp-container-core-group-is-layout-c06d165c wp-block-group-is-layout-constrained\" style=\"padding-top:0;padding-right:0;padding-bottom:0;padding-left:0\">\n<div class=\"wp-block-group is-content-justification-space-between is-layout-flex wp-container-core-group-is-layout-6dafecd9 wp-block-group-is-layout-flex\" style=\"padding-top:0;padding-right:0;padding-bottom:0;padding-left:0\">\n<h3 class=\"wp-block-heading\">Doppelzimmer\/ Tag<\/h3>\n\n\n\n<h3 class=\"wp-block-heading\">46,00 \u20ac<\/h3>\n<\/div>\n\n\n\n<p>Vollpension<\/p>\n<\/div>\n<\/div>\n<\/div>\n<\/div>\n<\/div>\n\n\n\n<div class=\"wp-block-column is-vertically-aligned-stretch ext-animate--on is-layout-flow wp-container-core-column-is-layout-119bc444 wp-block-column-is-layout-flow\">\n<div class=\"wp-block-group is-style-ext-preset--group--natural-1--item-card-1--align-start has-global-padding is-layout-constrained wp-block-group-is-layout-constrained is-style-ext-preset--group--natural-1--item-card-1--align-start--7\">\n<div class=\"wp-block-group is-style-default has-global-padding is-layout-constrained wp-block-group-is-layout-constrained\">\n<div class=\"wp-block-group is-nowrap is-layout-flex wp-container-core-group-is-layout-36a58d9d wp-block-group-is-layout-flex\" style=\"padding-top:0;padding-right:0;padding-bottom:0;padding-left:0\">\n<div class=\"wp-block-group wp-container-content-958eb9dc has-global-padding is-layout-constrained wp-container-core-group-is-layout-c06d165c wp-block-group-is-layout-constrained\" style=\"padding-top:0;padding-right:0;padding-bottom:0;padding-left:0\">\n<div class=\"wp-block-group is-content-justification-space-between is-layout-flex wp-container-core-group-is-layout-6dafecd9 wp-block-group-is-layout-flex\" style=\"padding-top:0;padding-right:0;padding-bottom:0;padding-left:0\">\n<h3 class=\"wp-block-heading\">Einzelzimmer\/ Tag<\/h3>\n\n\n\n<div class=\"wp-block-columns is-layout-flex wp-container-core-columns-is-layout-28f84493 wp-block-columns-is-layout-flex\">\n<div class=\"wp-block-column is-layout-flow wp-block-column-is-layout-flow\" style=\"flex-basis:66.66%\"><\/div>\n\n\n\n<div class=\"wp-block-column is-layout-flow wp-block-column-is-layout-flow\" style=\"flex-basis:33.33%\"><\/div>\n<\/div>\n\n\n\n<h3 class=\"wp-block-heading\">51,00 \u20ac<\/h3>\n<\/div>\n\n\n\n<p>Vollpension<\/p>\n<\/div>\n<\/div>\n<\/div>\n<\/div>\n<\/div>\n<\/div>\n\n\n\n<div class=\"wp-block-columns alignwide is-layout-flex wp-container-core-columns-is-layout-967d05ff wp-block-columns-is-layout-flex\" style=\"margin-top:var(--wp--preset--spacing--40)\">\n<div class=\"wp-block-column is-vertically-aligned-stretch ext-animate--on is-layout-flow wp-container-core-column-is-layout-119bc444 wp-block-column-is-layout-flow\">\n<div class=\"wp-block-group is-style-ext-preset--group--natural-1--item-card-1--align-start has-global-padding is-layout-constrained wp-block-group-is-layout-constrained is-style-ext-preset--group--natural-1--item-card-1--align-start--8\">\n<div class=\"wp-block-group is-style-default has-global-padding is-layout-constrained wp-block-group-is-layout-constrained\">\n<div class=\"wp-block-group is-nowrap is-layout-flex wp-container-core-group-is-layout-36a58d9d wp-block-group-is-layout-flex\" style=\"padding-top:0;padding-right:0;padding-bottom:0;padding-left:0\">\n<div class=\"wp-block-group wp-container-content-958eb9dc has-global-padding is-layout-constrained wp-container-core-group-is-layout-c06d165c wp-block-group-is-layout-constrained\" style=\"padding-top:0;padding-right:0;padding-bottom:0;padding-left:0\">\n<div class=\"wp-block-group is-content-justification-space-between is-layout-flex wp-container-core-group-is-layout-6dafecd9 wp-block-group-is-layout-flex\" style=\"padding-top:0;padding-right:0;padding-bottom:0;padding-left:0\">\n<h3 class=\"wp-block-heading\">Kinder\/ Tag<\/h3>\n\n\n\n<h3 class=\"wp-block-heading\">30,00 \u20ac<\/h3>\n<\/div>\n\n\n\n<p>3 bis 16 Jahre im Doppelzimmer<\/p>\n<\/div>\n<\/div>\n<\/div>\n<\/div>\n<\/div>\n\n\n\n<div class=\"wp-block-column is-vertically-aligned-stretch ext-animate--on is-layout-flow wp-container-core-column-is-layout-119bc444 wp-block-column-is-layout-flow\">\n<div class=\"wp-block-group is-style-ext-preset--group--natural-1--item-card-1--align-start has-global-padding is-layout-constrained wp-block-group-is-layout-constrained is-style-ext-preset--group--natural-1--item-card-1--align-start--9\">\n<div class=\"wp-block-group is-style-default has-global-padding is-layout-constrained wp-block-group-is-layout-constrained\">\n<div class=\"wp-block-group is-nowrap is-layout-flex wp-container-core-group-is-layout-36a58d9d wp-block-group-is-layout-flex\" style=\"padding-top:0;padding-right:0;padding-bottom:0;padding-left:0\">\n<div class=\"wp-block-group wp-container-content-958eb9dc has-global-padding is-layout-constrained wp-container-core-group-is-layout-c06d165c wp-block-group-is-layout-constrained\" style=\"padding-top:0;padding-right:0;padding-bottom:0;padding-left:0\">\n<div class=\"wp-block-group is-content-justification-space-between is-layout-flex wp-container-core-group-is-layout-6dafecd9 wp-block-group-is-layout-flex\" style=\"padding-top:0;padding-right:0;padding-bottom:0;padding-left:0\">\n<h3 class=\"wp-block-heading\">Parkplatz\/ Tag<\/h3>\n\n\n\n<h3 class=\"wp-block-heading\">5,00 \u20ac<\/h3>\n<\/div>\n\n\n\n<p>nach Verf\u00fcgbarkeit<\/p>\n<\/div>\n<\/div>\n<\/div>\n<\/div>\n<\/div>\n<\/div>\n\n\n\n<div class=\"wp-block-columns alignwide is-layout-flex wp-container-core-columns-is-layout-967d05ff wp-block-columns-is-layout-flex\" style=\"margin-top:var(--wp--preset--spacing--40)\">\n<div class=\"wp-block-column is-vertically-aligned-stretch ext-animate--on is-layout-flow wp-container-core-column-is-layout-119bc444 wp-block-column-is-layout-flow\">\n<div class=\"wp-block-group is-style-ext-preset--group--natural-1--item-card-1--align-start has-global-padding is-layout-constrained wp-block-group-is-layout-constrained is-style-ext-preset--group--natural-1--item-card-1--align-start--10\">\n<div class=\"wp-block-group is-style-default has-global-padding is-layout-constrained wp-block-group-is-layout-constrained\">\n<div class=\"wp-block-group is-nowrap is-layout-flex wp-container-core-group-is-layout-36a58d9d wp-block-group-is-layout-flex\" style=\"padding-top:0;padding-right:0;padding-bottom:0;padding-left:0\">\n<div class=\"wp-block-group wp-container-content-958eb9dc has-global-padding is-layout-constrained wp-container-core-group-is-layout-c06d165c wp-block-group-is-layout-constrained\" style=\"padding-top:0;padding-right:0;padding-bottom:0;padding-left:0\">\n<div class=\"wp-block-group is-content-justification-space-between is-layout-flex wp-container-core-group-is-layout-6dafecd9 wp-block-group-is-layout-flex\" style=\"padding-top:0;padding-right:0;padding-bottom:0;padding-left:0\">\n<h3 class=\"wp-block-heading\">W\u00e4schepaket\/ Person<\/h3>\n\n\n\n<h3 class=\"wp-block-heading\">16,00 \u20ac<\/h3>\n<\/div>\n\n\n\n<p>Bettw\u00e4sche und Handt\u00fccher<\/p>\n<\/div>\n<\/div>\n<\/div>\n<\/div>\n<\/div>\n\n\n\n<div class=\"wp-block-column is-vertically-aligned-stretch ext-animate--on is-layout-flow wp-container-core-column-is-layout-119bc444 wp-block-column-is-layout-flow\">\n<div class=\"wp-block-group is-style-ext-preset--group--natural-1--item-card-1--align-start has-global-padding is-layout-constrained wp-block-group-is-layout-constrained is-style-ext-preset--group--natural-1--item-card-1--align-start--11\">\n<div class=\"wp-block-group is-style-default has-global-padding is-layout-constrained wp-block-group-is-layout-constrained\">\n<div class=\"wp-block-group is-nowrap is-layout-flex wp-container-core-group-is-layout-36a58d9d wp-block-group-is-layout-flex\" style=\"padding-top:0;padding-right:0;padding-bottom:0;padding-left:0\">\n<div class=\"wp-block-group wp-container-content-958eb9dc has-global-padding is-layout-constrained wp-container-core-group-is-layout-c06d165c wp-block-group-is-layout-constrained\" style=\"padding-top:0;padding-right:0;padding-bottom:0;padding-left:0\">\n<div class=\"wp-block-group is-content-justification-space-between is-layout-flex wp-container-core-group-is-layout-6dafecd9 wp-block-group-is-layout-flex\" style=\"padding-top:0;padding-right:0;padding-bottom:0;padding-left:0\">\n<h3 class=\"wp-block-heading\">Kurabgabe\/ Tag<\/h3>\n\n\n\n<h3 class=\"wp-block-heading\">2,55 \u20ac<\/h3>\n<\/div>\n\n\n\n<p>Nebensaison<\/p>\n<\/div>\n<\/div>\n<\/div>\n<\/div>\n<\/div>\n<\/div>\n\n\n\n<p class=\"has-text-align-center ext-animate--on\" style=\"margin-top:1.5rem\"><strong>Besondere Verpflegungsw\u00fcnsche:<\/strong> Sonderkostformen sind in der Kalkulation des Verpflegungspreises nicht enthalten. Wir versuchen im Rahmen unserer M\u00f6glichkeiten diese W\u00fcnsche zu erf\u00fcllen. Mit den Anmeldedaten ben\u00f6tigen wir dazu verbindliche Angaben.<\/p>\n\n\n\n<p><strong>Sonderleistung vom Haus Seeadler:<\/strong> Kaffee + Kuchen vom Haus Seeadler: 5,00  \u20ac\/Person oder nur Kaffee 2,50 \u20ac\/Person.<\/p>\n<\/div>\n\n\n\n<div class=\"wp-block-group alignfull is-style-ext-preset--group--natural-1--section has-background-background-color has-background has-global-padding is-layout-constrained wp-container-core-group-is-layout-e955bbaf wp-block-group-is-layout-constrained\" style=\"margin-top:0;margin-bottom:0;padding-top:var(--wp--preset--spacing--70);padding-bottom:var(--wp--preset--spacing--70)\">\n<h2 class=\"wp-block-heading alignwide has-text-align-center ext-animate--on\">Bitte beachten Sie noch folgende Hinweise!<\/h2>\n\n\n\n<div class=\"wp-block-columns alignwide is-layout-flex wp-container-core-columns-is-layout-08c01c1c wp-block-columns-is-layout-flex\">\n<div class=\"wp-block-column is-vertically-aligned-stretch ext-animate--on is-layout-flow wp-container-core-column-is-layout-f5bb311e wp-block-column-is-layout-flow\">\n<div class=\"wp-block-group is-style-ext-preset--group--natural-1--item-card-1--align-center has-global-padding is-layout-constrained wp-block-group-is-layout-constrained is-style-ext-preset--group--natural-1--item-card-1--align-center--13\">\n<div class=\"wp-block-group is-style-default has-global-padding is-layout-constrained wp-block-group-is-layout-constrained\">\n<figure class=\"wp-block-image aligncenter size-large ext-aspect-landscape wp-duotone-primary-foreground\"><img decoding=\"async\" src=\"data:image\/svg+xml;base64,PHN2ZyB4bWxucz0iaHR0cDovL3d3dy53My5vcmcvMjAwMC9zdmciIHdpZHRoPSI0OCIgaGVpZ2h0PSI0OCIgZmlsbD0iIzAwMDAwMCIgdmlld0JveD0iMCAwIDI1NiAyNTYiPjxwYXRoIGQ9Ik0xNzIsNzZhNDQsNDQsMCwxLDAtNDQsNDRBNDQuMDUsNDQuMDUsMCwwLDAsMTcyLDc2Wm0tNDQsMjhhMjgsMjgsMCwxLDEsMjgtMjhBMjgsMjgsMCwwLDEsMTI4LDEwNFptNjAsMjRhNDQsNDQsMCwxLDAsNDQsNDRBNDQuMDUsNDQuMDUsMCwwLDAsMTg4LDEyOFptMCw3MmEyOCwyOCwwLDEsMSwyOC0yOEEyOCwyOCwwLDAsMSwxODgsMjAwWk02OCwxMjhhNDQsNDQsMCwxLDAsNDQsNDRBNDQuMDUsNDQuMDUsMCwwLDAsNjgsMTI4Wm0wLDcyYTI4LDI4LDAsMSwxLDI4LTI4QTI4LDI4LDAsMCwxLDY4LDIwMFoiPjwvcGF0aD48L3N2Zz4=\" alt=\"\" style=\"object-fit:cover\"\/><\/figure>\n\n\n\n<p class=\"has-text-align-left\">Sollten Sie aus irgendeinem Grund absagen m\u00fcssen, oder k\u00f6nnen Sie nicht mit den angemeldeten G\u00e4sten anreisen gelten folgende Regelungen als vereinbart (vorausgesetzt wir k\u00f6nnen diesen Termin bzw. einzelne Zimmer nicht wieder vergeben):<\/p>\n\n\n\n<p class=\"has-text-align-left\">1. Stornogeb\u00fchren (10% des zu erwartenden \u00dcbernachtungspreises) entstehen dann, wenn nach Vertragsabschluss die Freizeit nicht zu Stande kommt.<\/p>\n\n\n\n<p class=\"has-text-align-left\">2. Eine Ausfallentsch\u00e4digung von 80 % der zu erwartenden Logiskosten wird bei Ihrer Absage f\u00e4llig, wenn diese sp\u00e4ter als zw\u00f6lf Wochen vor dem vereinbarten Termin bei uns eingeht.<\/p>\n\n\n\n<p class=\"has-text-align-left\">3. Bei einer Unterbelegung von mehr als 10 % der reservierten Pl\u00e4tze m\u00fcssen wir eine Leerbettengeb\u00fchr in H\u00f6he von 50 % des zu erwartenden Logispreises in Rechnung stellen.<\/p>\n\n\n\n<p class=\"has-text-align-left\">Die Zimmer stehen am Anreisetag ab 15.00 Uhr zur Verf\u00fcgung. Die Anreise erfolgt in der Regel bis 18 Uhr. Bei sp\u00e4terer Anreise ist der Gastgeber zu benachrichtigen, um die Anmeldung zu gew\u00e4hrleisten. Am Abreisetag k\u00f6nnen die Zimmer, Aufenthaltsr\u00e4ume und ggf. Selbstversorgerk\u00fcchen bis 09.30 Uhr (Bedarf einer Absprache) genutzt werden.<\/p>\n<\/div>\n<\/div>\n<\/div>\n\n\n\n<div class=\"wp-block-column is-vertically-aligned-stretch ext-animate--on is-layout-flow wp-container-core-column-is-layout-f5bb311e wp-block-column-is-layout-flow\">\n<div class=\"wp-block-group is-style-ext-preset--group--natural-1--item-card-1--align-center has-global-padding is-layout-constrained wp-block-group-is-layout-constrained is-style-ext-preset--group--natural-1--item-card-1--align-center--14\">\n<div class=\"wp-block-group is-style-default has-global-padding is-layout-constrained wp-block-group-is-layout-constrained\">\n<figure class=\"wp-block-image aligncenter size-large ext-aspect-landscape wp-duotone-primary-foreground\"><img decoding=\"async\" src=\"data:image\/svg+xml;base64,PHN2ZyB4bWxucz0iaHR0cDovL3d3dy53My5vcmcvMjAwMC9zdmciIHdpZHRoPSI0OCIgaGVpZ2h0PSI0OCIgZmlsbD0iIzAwMDAwMCIgdmlld0JveD0iMCAwIDI1NiAyNTYiPjxwYXRoIGQ9Ik04MCw0MGE0MCw0MCwwLDEsMCw0MCw0MEE0MCw0MCwwLDAsMCw4MCw0MFptMCw2NGEyNCwyNCwwLDEsMSwyNC0yNEEyNCwyNCwwLDAsMSw4MCwxMDRabTk2LDE2YTQwLDQwLDAsMSwwLTQwLTQwQTQwLDQwLDAsMCwwLDE3NiwxMjBabTAtNjRhMjQsMjQsMCwxLDEtMjQsMjRBMjQsMjQsMCwwLDEsMTc2LDU2Wk04MCwxMzZhNDAsNDAsMCwxLDAsNDAsNDBBNDAsNDAsMCwwLDAsODAsMTM2Wm0wLDY0YTI0LDI0LDAsMSwxLDI0LTI0QTI0LDI0LDAsMCwxLDgwLDIwMFptOTYtNjRhNDAsNDAsMCwxLDAsNDAsNDBBNDAsNDAsMCwwLDAsMTc2LDEzNlptMCw2NGEyNCwyNCwwLDEsMSwyNC0yNEEyNCwyNCwwLDAsMSwxNzYsMjAwWiI+PC9wYXRoPjwvc3ZnPg==\" alt=\"\" style=\"object-fit:cover\"\/><\/figure>\n\n\n\n<p class=\"has-text-align-center\">Besondere Verpflegungsw\u00fcnsche (Sonderkostformen) sind in der Kalkulation des Verpflegungspreises nicht enthalten und werden gesondert berechnet. Mit der Anmeldung oder Teilnehmerliste sind diese W\u00fcnsche zu benennen.<\/p>\n\n\n\n<p><strong>Ich verpflichte mich<\/strong> zur Zahlung aller anfallenden Kosten, die durch meine Teilnahme oder Nichtteilnahme (Abbestellung, Stornierung, Nichtanreise, vorzeitige Abreise) entstehen.<\/p>\n\n\n\n<p>Personenbezogene Daten \u2013 f\u00fcr alle Teilnehmer \u2013 werden von uns f\u00fcr die mit dem Vertrag entstandene Gesch\u00e4ftsbeziehung erfasst, gespeichert und gesichert. Dar\u00fcber hinaus unterliegen wir verschiedenen Aufbewahrungs- und Dokumentationspflichten, die sich unter anderem aus dem Datenschutzhinweis.<\/p>\n\n\n\n<p class=\"has-text-align-center\"><strong>Damit<\/strong> geht die in der <strong>Anlage<\/strong> dargestellte datenschutzrechtliche Einwilligungserkl\u00e4rung f\u00fcr die Besinnungswoche als Bestandteil in den Antrag \u00fcber.<\/p>\n<\/div>\n<\/div>\n<\/div>\n<\/div>\n<\/div>\n\n\n\n<div class=\"wp-block-group alignfull is-style-ext-preset--group--natural-1--section has-background-background-color has-background has-global-padding is-layout-constrained wp-block-group-is-layout-constrained\" style=\"margin-top:0;margin-bottom:0;padding-top:var(--wp--preset--spacing--70);padding-bottom:var(--wp--preset--spacing--70)\">\n<h4 class=\"wp-block-heading has-text-align-center ext-animate--on\"><a href=\"mailto:info@agas-suchthilfe.de\">Zur Anmeldung &gt;&gt;&gt;<\/a><\/h4>\n\n\n\n<figure class=\"wp-block-image aligncenter size-large ext-animate--on wp-duotone-primary-foreground\"><img decoding=\"async\" src=\"data:image\/svg+xml;base64,PHN2ZyB4bWxucz0iaHR0cDovL3d3dy53My5vcmcvMjAwMC9zdmciIHdpZHRoPSI2NCIgaGVpZ2h0PSI2NCIgZmlsbD0iIzAwMDAwMCIgdmlld0JveD0iMCAwIDI1NiAyNTYiPjxwYXRoIGQ9Ik0xNzMuNjYsOTguMzRhOCw4LDAsMCwxLDAsMTEuMzJsLTU2LDU2YTgsOCwwLDAsMS0xMS4zMiwwbC0yNC0yNGE4LDgsMCwwLDEsMTEuMzItMTEuMzJMMTEyLDE0OC42OWw1MC4zNC01MC4zNUE4LDgsMCwwLDEsMTczLjY2LDk4LjM0Wk0yMzIsMTI4QTEwNCwxMDQsMCwxLDEsMTI4LDI0LDEwNC4xMSwxMDQuMTEsMCwwLDEsMjMyLDEyOFptLTE2LDBhODgsODgsMCwxLDAtODgsODhBODguMSw4OC4xLDAsMCwwLDIxNiwxMjhaIj48L3BhdGg+PC9zdmc+\" alt=\"\"\/><\/figure>\n\n\n\n<p class=\"has-text-align-center ext-animate--on\" style=\"margin-top:1.5rem\"><\/p>\n<\/div>\n","protected":false},"excerpt":{"rendered":"<p>Anmeldung f\u00fcr die Besinnungswoche gegen Suchtgefahren vom 02. 11. bis zum 08.11.2026 Nehmen Sie an einer besinnlichen Woche teil, die sich der St\u00e4rkung gegen Sucht widmet. Erleben Sie tiefgehende Vortr\u00e4ge, [&hellip;]<\/p>\n","protected":false},"author":1,"featured_media":0,"parent":0,"menu_order":0,"comment_status":"closed","ping_status":"closed","template":"page-with-title","meta":{"give_campaign_id":0,"_EventAllDay":false,"_EventTimezone":"","_EventStartDate":"","_EventEndDate":"","_EventStartDateUTC":"","_EventEndDateUTC":"","_EventShowMap":false,"_EventShowMapLink":false,"_EventURL":"","_EventCost":"","_EventCostDescription":"","_EventCurrencySymbol":"","_EventCurrencyCode":"","_EventCurrencyPosition":"","_EventDateTimeSeparator":"","_EventTimeRangeSeparator":"","_EventOrganizerID":[],"_EventVenueID":[],"_OrganizerEmail":"","_OrganizerPhone":"","_OrganizerWebsite":"","_VenueAddress":"","_VenueCity":"","_VenueCountry":"","_VenueProvince":"","_VenueState":"","_VenueZip":"","_VenuePhone":"","_VenueURL":"","_VenueStateProvince":"","_VenueLat":"","_VenueLng":"","_VenueShowMap":false,"_VenueShowMapLink":false,"footnotes":""},"class_list":["post-954","page","type-page","status-publish","hentry"],"campaignId":"","_links":{"self":[{"href":"https:\/\/agas-suchthilfe.de\/index.php?rest_route=\/wp\/v2\/pages\/954","targetHints":{"allow":["GET"]}}],"collection":[{"href":"https:\/\/agas-suchthilfe.de\/index.php?rest_route=\/wp\/v2\/pages"}],"about":[{"href":"https:\/\/agas-suchthilfe.de\/index.php?rest_route=\/wp\/v2\/types\/page"}],"author":[{"embeddable":true,"href":"https:\/\/agas-suchthilfe.de\/index.php?rest_route=\/wp\/v2\/users\/1"}],"replies":[{"embeddable":true,"href":"https:\/\/agas-suchthilfe.de\/index.php?rest_route=%2Fwp%2Fv2%2Fcomments&post=954"}],"version-history":[{"count":544,"href":"https:\/\/agas-suchthilfe.de\/index.php?rest_route=\/wp\/v2\/pages\/954\/revisions"}],"predecessor-version":[{"id":3164,"href":"https:\/\/agas-suchthilfe.de\/index.php?rest_route=\/wp\/v2\/pages\/954\/revisions\/3164"}],"wp:attachment":[{"href":"https:\/\/agas-suchthilfe.de\/index.php?rest_route=%2Fwp%2Fv2%2Fmedia&parent=954"}],"curies":[{"name":"wp","href":"https:\/\/api.w.org\/{rel}","templated":true}]}}